{"id":5023,"date":"2018-06-14T13:29:01","date_gmt":"2018-06-14T10:29:01","guid":{"rendered":"https:\/\/www.kaspersky.com.tr\/blog\/?page_id=5023"},"modified":"2022-05-05T18:59:02","modified_gmt":"2022-05-05T15:59:02","slug":"kaspersky-anti-ransomware-tool-for-business","status":"publish","type":"page","link":"https:\/\/www.kaspersky.com.tr\/blog\/kaspersky-anti-ransomware-tool-for-business\/","title":{"rendered":"Kaspersky\u00ae Anti-Ransomware Tool for Business"},"content":{"rendered":"<link rel=\"stylesheet\" href=\"https:\/\/media.kasperskydaily.com\/wp-content\/uploads\/sites\/92\/2019\/03\/20051835\/kartpage-style.css\"><br>\n<style>.main{font-size:20px}<\/style>\n<div class=\"main\">\n<div class=\"subheader-section\" style=\"background-image:url('https:\/\/media.kasperskydaily.com\/wp-content\/uploads\/sites\/91\/2018\/06\/14123221\/KART13.jpg')\">\n<div class=\"container\">\n<div class=\"row\">\n<div class=\"col-l-4\"><img decoding=\"async\" src=\"https:\/\/media.kasperskydaily.com\/wp-content\/uploads\/sites\/91\/2018\/06\/14123220\/kart-icon-heading.png\" alt=\"\"><\/div>\n<div class=\"col-l-8\">\n<h1 class=\"page-title\">Kaspersky<sup class=\"registered-mark\">\u00ae<\/sup><br>\n          Anti-Ransomware<br> Tool\u00a0for\u00a0Business <\/h1>\n<\/div><\/div>\n<\/div>\n<\/div>\n<div class=\"banner-section grey-background\">\n<div class=\"container green-background\">\n<div class=\"row\">\n<div class=\"col-l-8\">\n<h4 class=\"section-title\">Kaspersky Anti-Ransomware tool for Business fidye yaz\u0131l\u0131mlar\u0131na<br>\n          kar\u015f\u0131% 100 koruma sa\u011flar *<\/h4>\n<p>Kaspersky Anti-Ransomware Tool for Business ile i\u015finizi fidye yaz\u0131l\u0131mlar\u0131na kar\u015f\u0131 kolayca koruyun!<\/p>\n<\/div>\n<div class=\"col-l-4\"><a href=\"#form-section\" class=\"button green full-width\" target=\"_blank\" rel=\"noopener\">\u0130\u015e\u0130N\u0130Z \u0130\u00c7\u0130N F\u0130DYE YAZILIMINA KAR\u015eI<br>\n          KORUMA ARACIMIZI BURADAN \u0130ND\u0130R\u0130N<\/a><\/div>\n<\/div>\n<\/div>\n<\/div>\n<div class=\"regular-section\" divider>\n<div class=\"container\">\n<h3 style=\"margin-bottom:1em\" class=\"section-title\">Yenilenmi\u015f ve geli\u015ftirilmi\u015f 2020 Kaspersky<br>\n    Anti-Ransomware Tool for Business \u00dcCRETS\u0130Z!<\/h3>\n<p class=\"section-desc\">Bu sistem dostu ara\u00e7, fidye yaz\u0131l\u0131m\u0131 ve kripto-zararl\u0131 yaz\u0131l\u0131mlar\u0131 hemen taramak ve<br>\n      engellemek i\u00e7in bulut destekli davran\u0131\u015f alg\u0131lama gibi en yeni Kaspersky Lab u\u00e7 nokta koruma teknolojilerinin t\u00fcm<br>\n      \u00f6zelliklerini kullan\u0131r!<br> Ayr\u0131ca, GDPR uyumlu oldu\u011fundan, verilerinizin g\u00fcvenilir bir \u015fekilde i\u015flendi\u011finden ve<br>\n      korundu\u011fundan emin olabilirsiniz. <\/p>\n<ul class=\"articles-list section-col-m-2 reset-l section-col-l-3\">\n<li>\n<figure><a><img decoding=\"async\" src=\"https:\/\/media.kasperskydaily.com\/wp-content\/uploads\/sites\/91\/2019\/03\/22131707\/KART-gears.png\"><\/a><br>\n        <\/figure>\n<h2><a style=\"text-decoration:none!important\">Payla\u015f\u0131lan klas\u00f6rler korumas\u0131<\/a><\/h2>\n<p>Kaspersky Anti-Ransomware Tool for Business kullan\u0131c\u0131 verilerini \u015fifrelemek i\u00e7in hem yerel hem de uzaktan<br>\n          giri\u015fimleri engelleme yetene\u011fine sahiptir.<\/p>\n<\/li>\n<li>\n<figure><a><img decoding=\"async\" src=\"https:\/\/media.kasperskydaily.com\/wp-content\/uploads\/sites\/91\/2019\/03\/22131707\/KART-puzzle.png\"><\/a><br>\n        <\/figure>\n<h2><a style=\"text-decoration:none!important\">\u00c7o\u011fu g\u00fcvenlik yaz\u0131l\u0131m\u0131 ile \u00e7al\u0131\u015f\u0131r<\/a><\/h2>\n<p>Hangi g\u00fcvenlik yaz\u0131l\u0131m\u0131n\u0131 kulland\u0131\u011f\u0131n\u0131z farketmez, Kaspersky Anti-Ransomware Tool uyumlu \u00e7al\u0131\u015f\u0131r.<\/p>\n<\/li>\n<li>\n<figure><a><img decoding=\"async\" src=\"https:\/\/media.kasperskydaily.com\/wp-content\/uploads\/sites\/91\/2019\/03\/22131706\/KART-bell.png\"><\/a><br>\n        <\/figure>\n<h2><a style=\"text-decoration:none!important\">Kripto madencileri tespiti<\/a><\/h2>\n<p>K\u00f6t\u00fc ama\u00e7l\u0131 yaz\u0131l\u0131m nesnelerine ek olarak, Kaspersky Anti-Ransomware Tool for Business, kripto madencili\u011fi<br>\n          yaz\u0131l\u0131m\u0131 da dahil olmak \u00fczere, reklam, pornoware ve riskli nesneleri alg\u0131layabilir ve engelleyebilir.<\/p>\n<\/li>\n<\/ul><\/div>\n<\/div>\n<section class=\"awards-section\">\n<div class=\"container\">\n<h3 class=\"section-title\" style=\"margin-bottom:1em\">D\u00fcnyan\u0131n en \u00e7ok test edilen, en \u00e7ok<br>\n    \u00f6d\u00fcllendirilmi\u015f g\u00fcvenli\u011fi<\/h3>\n<p>Kaspersky Anti-Ransomware Tool for Business, i\u015finizi en tehlikeli siber g\u00fcvenlik tehditlerinden birinden<br>\n      koruman\u0131za yard\u0131mc\u0131 olur.<\/p>\n<p>D\u00fcnyan\u0131n en test edilmi\u015f, en \u00e7ok \u00f6d\u00fcllendirilmi\u015f g\u00fcvenli\u011fi \u00fczerine in\u015fa edilmi\u015ftir ve <a target=\"_blank\" href=\"\/small-to-medium-business-security\/windows-workstation\" rel=\"noopener noreferrer\">Kaspersky<br>\n      Endpoint Security for Business<\/a>\u2018ta kullan\u0131lan baz\u0131 teknolojilere dayanmaktad\u0131r.<\/p>\n<\/div>\n<\/section>\n<section class=\"regular-section grey-background\">\n<div class=\"container\">\n<div class=\"row\">\n<div class=\"col-l-6\"><img decoding=\"async\" class=\"kart-icon-mid\" src=\"https:\/\/media.kasperskydaily.com\/wp-content\/uploads\/sites\/91\/2018\/06\/14123220\/KART-icon.png\">\n      <\/div>\n<div class=\"col-l-6\">\n<h4 class=\"section-title\">\u0130statistiklerdeki say\u0131 olmay\u0131n!<\/h4>\n<p>Hemen Kaspersky Anti-Ransomware Tool for Business\u2019\u0131 indirin!<\/p>\n<p><a href=\"#form-section\" class=\"button green\" style=\"color:#fff!important\" target=\"_blank\" rel=\"noopener\">HEMEN<br>\n          \u0130\u015eLETMEN\u0130Z \u0130\u00c7\u0130N F\u0130DYE YAZILIMI KORUMASINI \u00dcCRETS\u0130Z \u0130ND\u0130R\u0130N<\/a> <a target=\"_blank\" href=\"\/about\/contact\" class=\"button transparent\" rel=\"noopener noreferrer\">B\u0130ZE ULA\u015eIN<br>\u00a0<\/a>\n      <\/p><\/div>\n<\/div>\n<\/div>\n<\/section>\n<section class=\"awards-section form-section divider\"><a class=\"offset\" name=\"form-section\"><\/a>\n<div class=\"container\">\n<h3 class=\"section-title\" style=\"margin-bottom: 1em;\">\u0130\u015finiz i\u00e7in \u00dcCRETS\u0130Z fidye yaz\u0131l\u0131m\u0131<br>\n    korumas\u0131 indirin<\/h3>\n<div style=\"display: inline-block;padding: 1.5em;padding-left: 0.5em;background: #fff;border: 1px solid #e5e5e5;box-shadow: 0px 2px 0px 0px rgba(0,0,0,0.05);\"><br>\n      <div class=\"interactive\"><form id=\"mktoForm_18120\"><\/form><script>MktoForms2.loadForm(\"\/\/app-sj06.marketo.com\", \"802-IJN-240\", 18120);<\/script><script>\n            MktoForms2.whenReady(function(form) {\n                form.onSuccess(function(vals, tyURL) {\n                    document.location.href = tyURL;\n                    dataLayer.push({\n                        'event': 'addEvents_makeConversions',\n                        'event_id': 'd-n01-e11',\n                        'conversion_name': 'Marketo Form',\n                        'conversion_step': 'Form Fill Out',\n                        'conversion_param': jQuery(location).attr(\"href\"),\n                        'eventCallback' : function() {\n                            jQuery(location).attr('href',tyURL);\n                        }\n                    });\n                    return false;\n                });\n            });\n            <\/script><\/div><!-- RECAPTCHA -->\n        <style>.googleRecaptcha { padding: 20px !important; }<\/style>\n        <script>\n            var GOOGLE_RECAPTCHA_SITE_KEY = '6Lf2eUQUAAAAAC-GQSZ6R2pjePmmD6oA6F_3AV7j';\n\n            var insertGoogleRecaptcha = function (form) {\n            var formElem = form.getFormElem().get(0);\n\n            if (formElem && window.grecaptcha) {\n                var div = window.document.createElement('div');\n                var divId = 'g-recaptcha-' + form.getId();\n                var buttonRow = formElem.querySelector('.mktoButtonRow');\n                var button = buttonRow ? buttonRow.querySelector('.mktoButton[type=\"submit\"]') : null;\n\n                var submitHandler = function (e) {\n                var recaptchaResponse = window.grecaptcha && window.grecaptcha.getResponse(widgetId);\n                e.preventDefault();\n\n                if (form.validate()) {\n                    if (!recaptchaResponse) {\n                    div.setAttribute('data-error', 'true');\n                    } else {\n                    div.setAttribute('data-error', 'false');\n\n                    form.addHiddenFields({\n                        reCAPTCHAFormResponse: recaptchaResponse,\n                    });\n\n                    form.submit();\n                    }\n                }\n                };\n\n                div.id = divId;\n                div.classList.add('googleRecaptcha');\n\n                if (button) {\n                button.addEventListener('click', submitHandler);\n                }\n\n                if (buttonRow) {\n                formElem.insertBefore(div, buttonRow);\n                }\n\n                if (window.grecaptcha.render) {\n                    var widgetId = window.grecaptcha.render(divId, {\n                    sitekey: GOOGLE_RECAPTCHA_SITE_KEY,\n                });\n                formElem.style.display = '';\n                }\n            }\n            };\n\n            function onloadApiCallback() {\n            var forms = MktoForms2.allForms();\n            for (var i = 0; i < forms.length; i++) {\n                insertGoogleRecaptcha(forms[i]);\n            }\n            }\n\n            (function () {\n            MktoForms2.whenReady(function (form) {\n                form.getFormElem().get(0).style.display = 'none';\n                jQuery.getScript('\/\/www.google.com\/recaptcha\/api.js?onload=onloadApiCallback');\n            });\n            })();\n        <\/script>\n        <!-- END RECAPTCHA -->\n    <\/div>\n<\/div>\n<\/section><\/div>\n","protected":false},"excerpt":{"rendered":"<p>Kaspersky Anti-Ransomware Tool for Business ile<br \/>\ni\u015finizi fidye yaz\u0131l\u0131mlar\u0131na kar\u015f\u0131 en kolay \u015fekilde koruyun!<\/p>\n","protected":false},"author":2706,"featured_media":5027,"parent":0,"menu_order":0,"comment_status":"closed","ping_status":"closed","template":"templates\/legacy-page.php","meta":{"_acf_changed":false,"footnotes":""},"categories":[],"class_list":["post-5023","page","type-page","status-publish","has-post-thumbnail"],"hreflang":[{"hreflang":"tr","url":"https:\/\/www.kaspersky.com.tr\/blog\/kaspersky-anti-ransomware-tool-for-business\/"},{"hreflang":"en-in","url":"https:\/\/www.kaspersky.co.in\/blog\/kaspersky-anti-ransomware-tool-for-business\/"},{"hreflang":"en-ae","url":"https:\/\/me-en.kaspersky.com\/blog\/kaspersky-anti-ransomware-tool-for-business\/"},{"hreflang":"en-us","url":"https:\/\/usa.kaspersky.com\/blog\/kaspersky-anti-ransomware-tool-for-business\/"},{"hreflang":"en-gb","url":"https:\/\/www.kaspersky.co.uk\/blog\/kaspersky-anti-ransomware-tool-for-business\/"},{"hreflang":"es-mx","url":"https:\/\/latam.kaspersky.com\/blog\/kaspersky-anti-ransomware-tool-for-business\/"},{"hreflang":"es","url":"https:\/\/www.kaspersky.es\/blog\/kaspersky-anti-ransomware-tool-for-business\/"},{"hreflang":"it","url":"https:\/\/www.kaspersky.it\/blog\/kaspersky-anti-ransomware-tool-for-business\/"},{"hreflang":"ru","url":"https:\/\/www.kaspersky.ru\/blog\/kaspersky-anti-ransomware-tool-for-business\/"},{"hreflang":"x-default","url":"https:\/\/www.kaspersky.com\/blog\/kaspersky-anti-ransomware-tool-for-business\/"},{"hreflang":"pt-br","url":"https:\/\/www.kaspersky.com.br\/blog\/kaspersky-anti-ransomware-tool-for-business\/"},{"hreflang":"de","url":"https:\/\/www.kaspersky.de\/blog\/kaspersky-anti-ransomware-tool-for-business\/"},{"hreflang":"zh","url":"https:\/\/www.kaspersky.com.cn\/blog\/kaspersky-anti-ransomware-tool-for-business\/"}],"acf":[],"banners":"","is_landing":true,"_links":{"self":[{"href":"https:\/\/www.kaspersky.com.tr\/blog\/wp-json\/wp\/v2\/pages\/5023","targetHints":{"allow":["GET"]}}],"collection":[{"href":"https:\/\/www.kaspersky.com.tr\/blog\/wp-json\/wp\/v2\/pages"}],"about":[{"href":"https:\/\/www.kaspersky.com.tr\/blog\/wp-json\/wp\/v2\/types\/page"}],"author":[{"embeddable":true,"href":"https:\/\/www.kaspersky.com.tr\/blog\/wp-json\/wp\/v2\/users\/2706"}],"replies":[{"embeddable":true,"href":"https:\/\/www.kaspersky.com.tr\/blog\/wp-json\/wp\/v2\/comments?post=5023"}],"version-history":[{"count":12,"href":"https:\/\/www.kaspersky.com.tr\/blog\/wp-json\/wp\/v2\/pages\/5023\/revisions"}],"predecessor-version":[{"id":8364,"href":"https:\/\/www.kaspersky.com.tr\/blog\/wp-json\/wp\/v2\/pages\/5023\/revisions\/8364"}],"wp:featuredmedia":[{"embeddable":true,"href":"https:\/\/www.kaspersky.com.tr\/blog\/wp-json\/wp\/v2\/media\/5027"}],"wp:attachment":[{"href":"https:\/\/www.kaspersky.com.tr\/blog\/wp-json\/wp\/v2\/media?parent=5023"}],"wp:term":[{"taxonomy":"category","embeddable":true,"href":"https:\/\/www.kaspersky.com.tr\/blog\/wp-json\/wp\/v2\/categories?post=5023"}],"curies":[{"name":"wp","href":"https:\/\/api.w.org\/{rel}","templated":true}]}}