{"id":5254,"date":"2018-09-11T14:53:08","date_gmt":"2018-09-11T11:53:08","guid":{"rendered":"https:\/\/www.kaspersky.com.tr\/blog\/?page_id=5254"},"modified":"2022-05-05T18:59:02","modified_gmt":"2022-05-05T15:59:02","slug":"fighting-fraud-report","status":"publish","type":"page","link":"https:\/\/www.kaspersky.com.tr\/blog\/fighting-fraud-report\/","title":{"rendered":"Doland\u0131r\u0131c\u0131l\u0131kla M\u00fccadele raporundaki"},"content":{"rendered":"<style>.grid-three-columns{text-align:center;display:grid;grid-template-columns:1fr 1fr 1fr}@media(max-width:768px){.grid-three-columns{grid-template-columns:1fr}}.mktoHtmlText.mktoHasWidth p {font-size: 12px;}.mktoForm .mktoButtonRow .mktoButtonWrap.mktoSimple{margin:20px!important;width: 100%;}#mktoForm_21100 .mktoButtonRow .mktoButtonWrap.mktoRound .mktoButton{font-size:20px;padding:15px;width:100%;background-color: #006d5c;background-image: none;}#mktoForm_21100 .mktoButtonRow .mktoButtonWrap.mktoRound .mktoButton:hover{background-color: #005446;}#mktoForm_21100 .mktoButtonWrap {margin-left:0!important}#mktoForm_21100 .mktoFormRow, #mktoForm_21100 .mktoButtonRow { clear: both; display: flex!important; justify-content: center;}#mktoForm_21100{margin:0 auto}.mktoForm input[type=text], .mktoForm input[type=email], .mktoForm input[type=tel], .mktoForm input[type=number], .mktoForm select { height: 40px; border-radius: 4px; background-color: #ffffff; border: solid 1px #259c83; font-family: MuseoSans; font-size: 15px!important; font-weight: 300; color: #a4a4a4; padding: 11px 16px!important;}.mktoForm .mktoRequiredField label.mktoLabel{font-size: 14px; font-weight: normal; font-family: \"Museosanscyrl\", Helvetica, Arial, sans-serif;}<\/style>\n<div style=\"background-color:white;width:100%;max-width:852px;margin:0 auto; padding:60px;position:absolute;top:-30px;left:0;right:0;height:60px;z-index: -1;\"><\/div>\n<div style=\"background-color:white;width:100%;max-width:852px;margin:0 auto; padding:60px;position:absolute;bottom:40px;left:0;right:0;height:60px;z-index: -1;\"><\/div>\n<div style=\"background-color:white;width:100%;max-width:852px;margin:0 auto;padding:30px 60px\">\n<h1 style=\"line-height:1.5;font-weight:700\">Doland\u0131r\u0131c\u0131l\u0131kla M\u00fccadele<\/h1>\n<div style=\"margin:2.5vw -1.5vw;padding:2.5vw;padding-bottom: 1.5vw;background-color: #006D5C;\">\n<p style=\"font-size: 12px;color: white;text-align:center\"><img decoding=\"async\" src=\"https:\/\/media.kasperskydaily.com\/wp-content\/uploads\/sites\/92\/2018\/09\/06095047\/raconteur-report-featured.png\" width=\"100%\"><a href=\"https:\/\/www.raconteur.net\/fighting-fraud-2018\" target=\"_blank\" rel=\"noopener nofollow\">6 Eyl\u00fcl 2018 tarihinde Raconteur Media taraf\u0131ndan Times dergisinde yay\u0131nlanan \u201cDoland\u0131r\u0131c\u0131l\u0131kla M\u00fccadele\u201d raporundaki<\/a> as\u0131l haliyle<\/p>\n<\/div>\n<hr style=\"border: none;border-top: rgba(0,0,0,0.18) 1px solid;margin: 2wv 0 !important;\">\n<h2 style=\"margin-top: 0;\">Dijital platformlar, doland\u0131r\u0131c\u0131lar\u0131 i\u015fletmeleri tehdit etme konusunda bir araya getiriyor<\/h2>\n<p>Son zamanlarda doland\u0131r\u0131c\u0131lar\u0131n topluluklar olu\u015fturmaya ba\u015flamas\u0131 gibi tehlikeli bir trende \u015fahit oluyoruz. 2017 y\u0131l\u0131nda d\u00f6rt farkl\u0131 bankada bu t\u00fcr doland\u0131r\u0131c\u0131l\u0131k kartellerine ait en az 294 hesap tespit etmeyi ba\u015fard\u0131k. Doland\u0131r\u0131c\u0131lar, ayn\u0131 zamanda \u201chizmet olarak doland\u0131r\u0131c\u0131l\u0131k\u201d anlay\u0131\u015f\u0131 i\u00e7in bir piyasa olu\u015fturmaya ba\u015flad\u0131. Bu piyasa \u015fimdiden g\u00fcnde 3,25 milyon internet sald\u0131r\u0131s\u0131na neden oldu ve bu say\u0131 artmaya devam ediyor. Doland\u0131r\u0131c\u0131l\u0131k, art\u0131k kesinlikle finansal kurulu\u015flar\u0131n s\u0131n\u0131rlar\u0131n\u0131 a\u015f\u0131yor. \u00d6rne\u011fin perakende sat\u0131\u015f sadakat programlar\u0131nda 3000 sahte hesap tespit ettik ve bu hesaplar\u0131 engelledik.<\/p>\n<p>Rapor, s\u00fcrekli de\u011fi\u015fen doland\u0131r\u0131c\u0131l\u0131k ortam\u0131n\u0131n yan\u0131 s\u0131ra yeni teknolojiler ve geli\u015fmekte olan doland\u0131r\u0131c\u0131l\u0131k faaliyetleri konusundaki anlay\u0131\u015f eksikli\u011fini ele al\u0131yor. Bu eksiklik, i\u015fletmelerin %63\u2019\u00fcn\u00fcn, ge\u00e7ti\u011fimiz 12 ay i\u00e7inde \u00f6nceki y\u0131llarla ayn\u0131 d\u00fczeyde veya daha fazla doland\u0131r\u0131c\u0131l\u0131k kaynakl\u0131 kay\u0131p ya\u015famas\u0131ndan da anla\u015f\u0131labilir.<\/p>\n<hr style=\"border: none;border-top: rgba(0,0,0,0.18) 1px solid;margin: 2.5vw 0 !important;\">\n<h2 style=\"font-size: 36px;text-align:center;margin-bottom:30px\">Temel bulgular<\/h2>\n<div class=\"grid-three-columns\" style=\"\">\n<div>\n<div style=\"height:120px;margin-bottom:20px\">\n    <img decoding=\"async\" src=\"https:\/\/media.kasperskydaily.com\/wp-content\/uploads\/sites\/92\/2018\/09\/06103540\/user-secret-solid.png\" style=\"height:70%;vertical-align:middle\" alt=\"\">\n  <\/div>\n<p><strong style=\"font-size:2em\">%49<\/strong><\/p>\n<p>Global kurulu\u015flar\u0131n %49\u2019u, son 24 ay i\u00e7inde doland\u0131r\u0131c\u0131l\u0131k ve finansal su\u00e7lar nedeniyle ma\u011fdur oldu\u011funu belirtmektedir\n<\/p><\/div>\n<div>\n<div style=\"height:120px;margin-bottom:20px\">\n    <img decoding=\"async\" src=\"https:\/\/media.kasperskydaily.com\/wp-content\/uploads\/sites\/92\/2018\/09\/06103518\/eye-regular.png\" style=\"height:70%;vertical-align:middle\" alt=\"\">\n  <\/div>\n<p><strong style=\"font-size:2em\">%52<\/strong><\/p>\n<p>Son 24 ay i\u00e7inde bildirilen t\u00fcm doland\u0131r\u0131c\u0131l\u0131k faaliyetlerinin %52\u2019si \u015firket i\u00e7i doland\u0131r\u0131c\u0131l\u0131k vakalar\u0131d\u0131r. Bu oran, 2016\u2019ya g\u00f6re %46 art\u0131\u015f g\u00f6stermi\u015ftir<\/p><\/div>\n<div>\n<div style=\"height:120px;margin-bottom:20px\">\n    <img decoding=\"async\" src=\"https:\/\/media.kasperskydaily.com\/wp-content\/uploads\/sites\/92\/2018\/09\/06103528\/money-bill-alt-regular.png\" style=\"height:70%;vertical-align:middle\" alt=\"\">\n  <\/div>\n<p><strong style=\"font-size:2em\">%11<\/strong><\/p>\n<p>\u015eirketlerin %11\u2019i yapay zeka kullanmakta ve bu teknolojiden de\u011fer elde etmektedir<\/p><\/div>\n<\/div>\n<hr style=\"border: none;border-top: rgba(0,0,0,0) 0px solid;margin: 50px 0 !important;\">\n<div style=\"margin:50px -15px;padding:1px 2.5vw 2.5vw 2.5vw ;border:2px solid rgba(0,0,0,0.18);text-align:center\">\n<h2 style=\"font-size: 36px;text-align:center;margin-bottom:30px\">Raporu indirmek i\u00e7in kay\u0131t olun<\/h2>\n<div class=\"interactive\"><form id=\"mktoForm_21100\"><\/form><script>MktoForms2.loadForm(\"\/\/app-sj06.marketo.com\", \"802-IJN-240\", 21100);<\/script><script>\n            MktoForms2.whenReady(function(form) {\n                form.onSuccess(function(vals, tyURL) {\n                    document.location.href = tyURL;\n                    dataLayer.push({\n                        'event': 'addEvents_makeConversions',\n                        'event_id': 'd-n01-e11',\n                        'conversion_name': 'Marketo Form',\n                        'conversion_step': 'Form Fill Out',\n                        'conversion_param': jQuery(location).attr(\"href\"),\n                        'eventCallback' : function() {\n                            jQuery(location).attr('href',tyURL);\n                        }\n                    });\n                    return false;\n                });\n            });\n            <\/script><\/div><!-- RECAPTCHA -->\n        <style>.googleRecaptcha { padding: 20px !important; }<\/style>\n        <script>\n            var GOOGLE_RECAPTCHA_SITE_KEY = '6Lf2eUQUAAAAAC-GQSZ6R2pjePmmD6oA6F_3AV7j';\n\n            var insertGoogleRecaptcha = function (form) {\n            var formElem = form.getFormElem().get(0);\n\n            if (formElem && window.grecaptcha) {\n                var div = window.document.createElement('div');\n                var divId = 'g-recaptcha-' + form.getId();\n                var buttonRow = formElem.querySelector('.mktoButtonRow');\n                var button = buttonRow ? buttonRow.querySelector('.mktoButton[type=\"submit\"]') : null;\n\n                var submitHandler = function (e) {\n                var recaptchaResponse = window.grecaptcha && window.grecaptcha.getResponse(widgetId);\n                e.preventDefault();\n\n                if (form.validate()) {\n                    if (!recaptchaResponse) {\n                    div.setAttribute('data-error', 'true');\n                    } else {\n                    div.setAttribute('data-error', 'false');\n\n                    form.addHiddenFields({\n                        reCAPTCHAFormResponse: recaptchaResponse,\n                    });\n\n                    form.submit();\n                    }\n                }\n                };\n\n                div.id = divId;\n                div.classList.add('googleRecaptcha');\n\n                if (button) {\n                button.addEventListener('click', submitHandler);\n                }\n\n                if (buttonRow) {\n                formElem.insertBefore(div, buttonRow);\n                }\n\n                if (window.grecaptcha.render) {\n                    var widgetId = window.grecaptcha.render(divId, {\n                    sitekey: GOOGLE_RECAPTCHA_SITE_KEY,\n                });\n                formElem.style.display = '';\n                }\n            }\n            };\n\n            function onloadApiCallback() {\n            var forms = MktoForms2.allForms();\n            for (var i = 0; i < forms.length; i++) {\n                insertGoogleRecaptcha(forms[i]);\n            }\n            }\n\n            (function () {\n            MktoForms2.whenReady(function (form) {\n                form.getFormElem().get(0).style.display = 'none';\n                jQuery.getScript('\/\/www.google.com\/recaptcha\/api.js?onload=onloadApiCallback');\n            });\n            })();\n        <\/script>\n        <!-- END RECAPTCHA --><\/div>\n<\/div>\n","protected":false},"excerpt":{"rendered":"<p>Doland\u0131r\u0131c\u0131l\u0131kla M\u00fccadele 6 Eyl\u00fcl 2018 tarihinde Raconteur Media taraf\u0131ndan Times dergisinde yay\u0131nlanan \u201cDoland\u0131r\u0131c\u0131l\u0131kla M\u00fccadele\u201d raporundaki as\u0131l haliyle Dijital platformlar, doland\u0131r\u0131c\u0131lar\u0131 i\u015fletmeleri tehdit etme konusunda bir araya getiriyor Son zamanlarda doland\u0131r\u0131c\u0131lar\u0131n<\/p>\n","protected":false},"author":2706,"featured_media":5255,"parent":0,"menu_order":0,"comment_status":"closed","ping_status":"closed","template":"","meta":{"_acf_changed":false,"footnotes":""},"categories":[],"class_list":["post-5254","page","type-page","status-publish","has-post-thumbnail"],"hreflang":[{"hreflang":"tr","url":"https:\/\/www.kaspersky.com.tr\/blog\/fighting-fraud-report\/"},{"hreflang":"es","url":"https:\/\/www.kaspersky.es\/blog\/fighting-fraud-report\/"},{"hreflang":"x-default","url":"https:\/\/www.kaspersky.com\/blog\/fighting-fraud-report\/"},{"hreflang":"ja","url":"https:\/\/blog.kaspersky.co.jp\/fighting-fraud-report\/"}],"acf":[],"banners":"","is_landing":true,"_links":{"self":[{"href":"https:\/\/www.kaspersky.com.tr\/blog\/wp-json\/wp\/v2\/pages\/5254","targetHints":{"allow":["GET"]}}],"collection":[{"href":"https:\/\/www.kaspersky.com.tr\/blog\/wp-json\/wp\/v2\/pages"}],"about":[{"href":"https:\/\/www.kaspersky.com.tr\/blog\/wp-json\/wp\/v2\/types\/page"}],"author":[{"embeddable":true,"href":"https:\/\/www.kaspersky.com.tr\/blog\/wp-json\/wp\/v2\/users\/2706"}],"replies":[{"embeddable":true,"href":"https:\/\/www.kaspersky.com.tr\/blog\/wp-json\/wp\/v2\/comments?post=5254"}],"version-history":[{"count":6,"href":"https:\/\/www.kaspersky.com.tr\/blog\/wp-json\/wp\/v2\/pages\/5254\/revisions"}],"predecessor-version":[{"id":8158,"href":"https:\/\/www.kaspersky.com.tr\/blog\/wp-json\/wp\/v2\/pages\/5254\/revisions\/8158"}],"wp:featuredmedia":[{"embeddable":true,"href":"https:\/\/www.kaspersky.com.tr\/blog\/wp-json\/wp\/v2\/media\/5255"}],"wp:attachment":[{"href":"https:\/\/www.kaspersky.com.tr\/blog\/wp-json\/wp\/v2\/media?parent=5254"}],"wp:term":[{"taxonomy":"category","embeddable":true,"href":"https:\/\/www.kaspersky.com.tr\/blog\/wp-json\/wp\/v2\/categories?post=5254"}],"curies":[{"name":"wp","href":"https:\/\/api.w.org\/{rel}","templated":true}]}}