{"id":7972,"date":"2020-03-23T13:33:24","date_gmt":"2020-03-23T10:33:24","guid":{"rendered":"https:\/\/www.kaspersky.com.tr\/blog\/?page_id=7972"},"modified":"2022-05-05T18:59:02","modified_gmt":"2022-05-05T15:59:02","slug":"sm-quiz-memes","status":"publish","type":"page","link":"https:\/\/www.kaspersky.com.tr\/blog\/sm-quiz-memes\/","title":{"rendered":"Test: Sosyal Medya y\u00f6neticisi olarak bir g\u00fcn boyunca hayatta kalabilir misiniz?"},"content":{"rendered":"<div class=\"riddle_target\" data-rid-id=\"233908\" data-fg=\"#00A88E\" data-bg=\"rgb(255, 255, 255)\" style=\"margin:0 auto;max-width:100%;width:100%;\" data-auto-scroll=\"true\" data-auto-scroll-offset=\"5\">\n<script src=\"https:\/\/www.riddle.com\/files\/js\/embed.js\"><\/script>\n<link href=\"https:\/\/www.riddle.com\/files\/css\/embed.css\" rel=\"stylesheet\">\n<iframe style=\"width:100%;height:300px;border:1px solid #cfcfcf;\" src=\"https:\/\/www.riddle.com\/a\/233908?\" title=\"Pop Quiz - Test: Sosyal Medya y\u00f6neticisi olarak bir g\u00fcn boyunca hayatta kalabilir misiniz?\"><\/p>\n<section>\n<h2>\n<p>Test: Sosyal Medya y\u00f6neticisi olarak bir g\u00fcn boyunca hayatta kalabilir misiniz?<\/p>\n<\/h2>\n<p><p>Bir\u00e7ok Sosyal Medya uzman\u0131 b\u00fcy\u00fck \u00f6l\u00e7ekli projelerde yer almak ister, ancak hepsi buna haz\u0131r de\u011fildir. Peter Parker&#8217;\u0131n amcas\u0131n\u0131n da diyebilece\u011fi gibi: &#8220;B\u00fcy\u00fck bir sosyal medya b\u00fct\u00e7esi, beraberinde b\u00fcy\u00fck bir sorumluluk getirir.&#8221; Peki ya siz bir Sosyal Medya y\u00f6neticisinin hayat\u0131ndan bir g\u00fcn\u00fcn zorluklar\u0131n\u0131 a\u015fabilecek misiniz? G\u00f6relim bakal\u0131m!<\/p>\n<\/p>\n<\/section>\n<section>\n<h2>\n<p>Sizden Sosyal Medya y\u00f6neticisinin karanl\u0131k bir mizah anlay\u0131\u015f\u0131 vard\u0131; \u015firketi de pek sevmiyordu. Ancak yine de \u015firketin Twitter hesab\u0131na hala eri\u015fimi var. Eski i\u015f arkada\u015f\u0131n\u0131z \u015firket hesab\u0131ndan \u00f6fkeli tweet&#8217;ler atmaya ba\u015flad\u0131 bile, ancak en az\u0131ndan patronunuz bu tweet&#8217;leri hen\u00fcz g\u00f6rmedi. Plan\u0131n\u0131z nedir?<\/p>\n<\/h2>\n<\/section>\n<section>\n<h3>\n<p>T\u00fcm \u015firketin sosyal medya hesab\u0131 \u015fifrelerine eri\u015fimi oldu\u011fu ortaya \u00e7\u0131kt\u0131. Giri\u015f bilgilerinin kontrol\u00fcn\u00fc ele ald\u0131ktan sonra, ayn\u0131 \u015feyin tekrar ger\u00e7ekle\u015fmemesini nas\u0131l sa\u011flayabilirsiniz?<\/p>\n<\/h3>\n<\/section>\n<section>\n<h3>\n<p>Ortal\u0131k sakinle\u015ftikten hemen sonra bir e-posta geldi: &#8220;Hesab\u0131n\u0131z hacklendi! L\u00fctfen a\u015fa\u011f\u0131daki ba\u011flant\u0131y\u0131 takip edin ve ayr\u0131nt\u0131lar\u0131 g\u00f6rmek i\u00e7in \u015fifrenizi girin.&#8221;&nbsp;Bu mesaja g\u00fcvenir misiniz?<\/p>\n<\/h3>\n<\/section>\n<section>\n<h3>\n<p>Halkla ili\u015fkilerden bir i\u015f arkada\u015f\u0131n\u0131z masan\u0131zda geldi ve iki hafta i\u00e7inde halka a\u00e7\u0131klanacak \u00f6nemli bir duyuruyla ilgili gizlice bir yaz\u0131 olu\u015fturman\u0131z\u0131 ve onaylaman\u0131z\u0131 istedi. Gizlili\u011fin \u00f6nemini vurguluyor: Belirlenen tarihten \u00f6nce s\u0131z\u0131nt\u0131 olmamal\u0131! Bu durumda:<\/p>\n<\/h3>\n<\/section>\n<section>\n<h3>\n<p>Uzaktan \u00e7al\u0131\u015f\u0131yorsunuz. Bir kafede otururken, \u00fccretsiz Wi-Fi noktas\u0131na eri\u015fmek i\u00e7in bir VPN kullanman\u0131z gerekti\u011fini biliyorsunuz \u00e7\u00fcnk\u00fc&#8230;<\/p>\n<\/h3>\n<\/section>\n<section>\n<h3>\n<p><span style=\"color: rgb(0, 0, 0);\">Tan\u0131mad\u0131\u011f\u0131n\u0131z bir ki\u015fi, size \u00e7ok pop\u00fcler bir &#8220;influencer&#8221; oldu\u011funu iddia ediyor. Kendisiyle hemen anla\u015fma yaparsan\u0131z promosyon g\u00f6nderilerinde b\u00fcy\u00fck indirimler yapabilece\u011fini s\u00f6yl\u00fcyor. Kula\u011fa iyi geliyor. Kabul etmeli misiniz?<\/span><\/p>\n<\/h3>\n<\/section>\n<section>\n<h3>\n<p>\u015eimdi, pazarlama size bir ay i\u00e7inde ba\u015flayacak bir kampanyada hangi meme&#8217;in iyi i\u015fe yarayaca\u011f\u0131n\u0131 soruyor. Ne tavsiye verirsiniz?<\/p>\n<\/h3>\n<\/section>\n<section>\n<h3>\n<p>Bazen i\u015f, ak\u015fam da devam eder. Dolay\u0131s\u0131yla ki\u015fisel ve kurumsal hesaplar aras\u0131nda ge\u00e7i\u015f yapt\u0131\u011f\u0131n\u0131z zamanlar olabilir. Farkl\u0131 hesaplar aras\u0131nda durmadan ge\u00e7i\u015f yapmay\u0131 nas\u0131l azaltabilirsiniz?<\/p>\n<\/h3>\n<\/section>\n<section>\n<h3>\n<p>Yatmadan hemen \u00f6nce, bir reklam ajans\u0131ndan gelmi\u015f gibi g\u00f6r\u00fcnen bir e-posta ald\u0131n\u0131z. &#8220;Piyasadaki en iyi inflencer&#8217;lara&#8221; eri\u015fim konusunda &#8220;en iyi f\u0131rsatlar\u0131&#8221; sunduklar\u0131n\u0131 s\u00f6yl\u00fcyorlar. Ayr\u0131nt\u0131lar\u0131 ekli dosyada bulabilirmi\u015fsiniz. Dosyay\u0131 Excel&#8217;de a\u00e7\u0131yorsunuz ancak belgedeki makrolar\u0131 etkinle\u015ftirmek i\u00e7in bir pop-up iste\u011fi \u00e7\u0131k\u0131yor. Ne yapars\u0131n\u0131z?<\/p>\n<\/h3>\n<\/section>\n<section>\n<h2>\n<p><strong style=\"color: rgb(0, 0, 0);\">Ger\u00e7ek bir uzmans\u0131n\u0131z!<\/strong><\/p>\n<\/h2>\n<p><p><span style=\"color: rgb(0, 0, 0);\">Sosyal Medya&#8217;da zor bir g\u00fcn ge\u00e7irmek, sizin i\u00e7in bir tweet g\u00f6ndermek kadar kolay. \u0130\u015f arkada\u015flar\u0131n\u0131z sizin tavsiyenizi istiyor, rakipler onlar i\u00e7in \u00e7al\u0131\u015fman\u0131za zan at\u0131yor; doland\u0131r\u0131c\u0131lar ise neredeyse size para aktaracak. Sizinle gurur duyuyoruz!<\/span><\/p>\n<\/p>\n<\/section>\n<section>\n<h3>\n<h3><strong style=\"color: rgb(0, 0, 0);\">\u0130yi! Ama daha iyisini yapabilirsiniz.<\/strong><\/h3>\n<\/h3>\n<p><p>Zorluklara yabanc\u0131 de\u011filsiniz, ama stresi kald\u0131ramad\u0131\u011f\u0131n\u0131z g\u00fcnler de oluyor. \u0130yile\u015ftirmeniz gereken alanlar var.<\/p>\n<\/p>\n<\/section>\n<section>\n<h3>\n<p><strong style=\"color: rgb(0, 0, 0);\">Eh i\u015fte&#8230;<\/strong><\/p>\n<\/h3>\n<p><p><span style=\"color: rgb(0, 0, 0);\">Bazen siz kazan\u0131yorsunuz, bazen doland\u0131r\u0131c\u0131lar&#8230; Baz\u0131 zor g\u00fcnleri geride b\u0131rakm\u0131\u015f olabilirsiniz, ancak nereye kadar? Art\u0131k kollar\u0131 s\u0131vay\u0131n ve sosyal medya i\u015finizin baz\u0131 y\u00f6nleri \u00fczerinde \u00e7al\u0131\u015fmaya ba\u015flay\u0131n.<\/span><\/p>\n<\/p>\n<\/section>\n<section>\n<h3>\n<p><strong style=\"color: rgb(0, 0, 0);\">Pek iyi de\u011fil<\/strong><\/p>\n<\/h3>\n<p><p><span style=\"color: rgb(0, 0, 0);\">Belki de sosyal medya y\u00f6netiminin ac\u0131mas\u0131z d\u00fcnyas\u0131 size g\u00f6re de\u011fildir? Ciddiyiz; ba\u015far\u0131l\u0131 olmak ve g\u00fcvende kalmak i\u00e7in t\u00fcm bu meme&#8217;lere, sosyal a\u011flara, hesaplara, blogger&#8217;lara ve pazarlama faaliyetlerine hakim olman\u0131z gerekiyor.<\/span><\/p>\n<\/p>\n<\/section>\n<p><\/iframe>\n<\/div>\n","protected":false},"excerpt":{"rendered":"<p>Test: Sosyal Medya y\u00f6neticisi olarak bir g\u00fcn boyunca hayatta kalabilir misiniz? Bir\u00e7ok Sosyal Medya uzman\u0131 b\u00fcy\u00fck \u00f6l\u00e7ekli projelerde yer almak ister, ancak hepsi buna haz\u0131r de\u011fildir. Peter Parker&#8217;\u0131n amcas\u0131n\u0131n da<\/p>\n","protected":false},"author":2706,"featured_media":7974,"parent":0,"menu_order":0,"comment_status":"closed","ping_status":"closed","template":"","meta":{"_acf_changed":false,"footnotes":""},"categories":[],"class_list":["post-7972","page","type-page","status-publish","has-post-thumbnail"],"hreflang":[{"hreflang":"tr","url":"https:\/\/www.kaspersky.com.tr\/blog\/sm-quiz-memes\/"},{"hreflang":"ru","url":"https:\/\/www.kaspersky.ru\/blog\/sm-quiz-memes\/"},{"hreflang":"x-default","url":"https:\/\/www.kaspersky.com\/blog\/sm-quiz-memes\/"},{"hreflang":"zh","url":"https:\/\/www.kaspersky.com.cn\/blog\/sm-quiz-memes\/"}],"acf":[],"banners":"","is_landing":true,"_links":{"self":[{"href":"https:\/\/www.kaspersky.com.tr\/blog\/wp-json\/wp\/v2\/pages\/7972","targetHints":{"allow":["GET"]}}],"collection":[{"href":"https:\/\/www.kaspersky.com.tr\/blog\/wp-json\/wp\/v2\/pages"}],"about":[{"href":"https:\/\/www.kaspersky.com.tr\/blog\/wp-json\/wp\/v2\/types\/page"}],"author":[{"embeddable":true,"href":"https:\/\/www.kaspersky.com.tr\/blog\/wp-json\/wp\/v2\/users\/2706"}],"replies":[{"embeddable":true,"href":"https:\/\/www.kaspersky.com.tr\/blog\/wp-json\/wp\/v2\/comments?post=7972"}],"version-history":[{"count":2,"href":"https:\/\/www.kaspersky.com.tr\/blog\/wp-json\/wp\/v2\/pages\/7972\/revisions"}],"predecessor-version":[{"id":8162,"href":"https:\/\/www.kaspersky.com.tr\/blog\/wp-json\/wp\/v2\/pages\/7972\/revisions\/8162"}],"wp:featuredmedia":[{"embeddable":true,"href":"https:\/\/www.kaspersky.com.tr\/blog\/wp-json\/wp\/v2\/media\/7974"}],"wp:attachment":[{"href":"https:\/\/www.kaspersky.com.tr\/blog\/wp-json\/wp\/v2\/media?parent=7972"}],"wp:term":[{"taxonomy":"category","embeddable":true,"href":"https:\/\/www.kaspersky.com.tr\/blog\/wp-json\/wp\/v2\/categories?post=7972"}],"curies":[{"name":"wp","href":"https:\/\/api.w.org\/{rel}","templated":true}]}}