{"id":7998,"date":"2020-03-26T15:59:03","date_gmt":"2020-03-26T12:59:03","guid":{"rendered":"https:\/\/www.kaspersky.com.tr\/blog\/?page_id=7998"},"modified":"2022-05-05T18:59:02","modified_gmt":"2022-05-05T15:59:02","slug":"work-from-home-custom-page","status":"publish","type":"page","link":"https:\/\/www.kaspersky.com.tr\/blog\/work-from-home-custom-page\/","title":{"rendered":"Evden g\u00fcvenli bir \u015fekilde \u00e7al\u0131\u015fma hakk\u0131nda bilmeniz gerekenler"},"content":{"rendered":"<p>Herkes uzaktan \u00e7al\u0131\u015fmaya ba\u015flad\u0131\u011f\u0131nda siz ve i\u015f arkada\u015flar\u0131n\u0131z BT konusunda baz\u0131 \u015feylerle u\u011fra\u015fmak zorunda kalabilirsiniz. \u00c7al\u0131\u015f\u0131rken nelere dikkat etmeniz gerekt\u011fini buradan \u00f6\u011frenebilirsiniz. <\/p>\n","protected":false},"excerpt":{"rendered":"<p>Herkes uzaktan \u00e7al\u0131\u015fmaya ba\u015flad\u0131\u011f\u0131nda siz ve i\u015f arkada\u015flar\u0131n\u0131z BT konusunda baz\u0131 \u015feylerle u\u011fra\u015fmak zorunda kalabilirsiniz. \u00c7al\u0131\u015f\u0131rken nelere dikkat etmeniz gerekt\u011fini buradan \u00f6\u011frenebilirsiniz.<\/p>\n","protected":false},"author":2706,"featured_media":7999,"parent":0,"menu_order":0,"comment_status":"closed","ping_status":"closed","template":"templates\/custom-page.php","meta":{"_acf_changed":false,"footnotes":""},"categories":[],"class_list":["post-7998","page","type-page","status-publish","has-post-thumbnail"],"hreflang":[{"hreflang":"tr","url":"https:\/\/www.kaspersky.com.tr\/blog\/work-from-home-custom-page\/"},{"hreflang":"ar","url":"https:\/\/me.kaspersky.com\/blog\/work-from-home-custom-page\/"},{"hreflang":"es-mx","url":"https:\/\/latam.kaspersky.com\/blog\/work-from-home-custom-page\/"},{"hreflang":"es","url":"https:\/\/www.kaspersky.es\/blog\/work-from-home-custom-page\/"},{"hreflang":"it","url":"https:\/\/www.kaspersky.it\/blog\/work-from-home-custom-page\/"},{"hreflang":"ru","url":"https:\/\/www.kaspersky.ru\/blog\/work-from-home-custom-page\/"},{"hreflang":"x-default","url":"https:\/\/www.kaspersky.com\/blog\/work-from-home-custom-page\/"},{"hreflang":"fr","url":"https:\/\/www.kaspersky.fr\/blog\/work-from-home-custom-page\/"},{"hreflang":"pt-br","url":"https:\/\/www.kaspersky.com.br\/blog\/work-from-home-custom-page\/"},{"hreflang":"de","url":"https:\/\/www.kaspersky.de\/blog\/work-from-home-custom-page\/"},{"hreflang":"ja","url":"https:\/\/blog.kaspersky.co.jp\/work-from-home-custom-page\/"}],"acf":[],"banners":"","is_landing":true,"_links":{"self":[{"href":"https:\/\/www.kaspersky.com.tr\/blog\/wp-json\/wp\/v2\/pages\/7998","targetHints":{"allow":["GET"]}}],"collection":[{"href":"https:\/\/www.kaspersky.com.tr\/blog\/wp-json\/wp\/v2\/pages"}],"about":[{"href":"https:\/\/www.kaspersky.com.tr\/blog\/wp-json\/wp\/v2\/types\/page"}],"author":[{"embeddable":true,"href":"https:\/\/www.kaspersky.com.tr\/blog\/wp-json\/wp\/v2\/users\/2706"}],"replies":[{"embeddable":true,"href":"https:\/\/www.kaspersky.com.tr\/blog\/wp-json\/wp\/v2\/comments?post=7998"}],"version-history":[{"count":6,"href":"https:\/\/www.kaspersky.com.tr\/blog\/wp-json\/wp\/v2\/pages\/7998\/revisions"}],"predecessor-version":[{"id":8321,"href":"https:\/\/www.kaspersky.com.tr\/blog\/wp-json\/wp\/v2\/pages\/7998\/revisions\/8321"}],"wp:featuredmedia":[{"embeddable":true,"href":"https:\/\/www.kaspersky.com.tr\/blog\/wp-json\/wp\/v2\/media\/7999"}],"wp:attachment":[{"href":"https:\/\/www.kaspersky.com.tr\/blog\/wp-json\/wp\/v2\/media?parent=7998"}],"wp:term":[{"taxonomy":"category","embeddable":true,"href":"https:\/\/www.kaspersky.com.tr\/blog\/wp-json\/wp\/v2\/categories?post=7998"}],"curies":[{"name":"wp","href":"https:\/\/api.w.org\/{rel}","templated":true}]}}